{"id":758,"date":"2023-09-22T10:46:16","date_gmt":"2023-09-22T08:46:16","guid":{"rendered":"https:\/\/asociacioncoruna.com\/ligas\/?page_id=758"},"modified":"2025-06-03T16:20:58","modified_gmt":"2025-06-03T14:20:58","slug":"quienes_somos","status":"publish","type":"page","link":"https:\/\/asociacioncoruna.com\/ligas\/quienes_somos\/","title":{"rendered":"quienes_somos"},"content":{"rendered":"<div class=\"wp-block-image\">\n<figure class=\"aligncenter size-full\"><img loading=\"lazy\" decoding=\"async\" width=\"506\" height=\"509\" src=\"https:\/\/asociacioncoruna.com\/wordpress\/wp-content\/uploads\/2023\/09\/asociacionligadepeA\u00b1as1.png\" alt=\"\" class=\"wp-image-454\" srcset=\"https:\/\/asociacioncoruna.com\/ligas\/wp-content\/uploads\/2023\/09\/asociacionligadepeA\u00b1as1.png 506w, https:\/\/asociacioncoruna.com\/ligas\/wp-content\/uploads\/2023\/09\/asociacionligadepeA\u00b1as1-298x300.png 298w, https:\/\/asociacioncoruna.com\/ligas\/wp-content\/uploads\/2023\/09\/asociacionligadepeA\u00b1as1-150x150.png 150w\" sizes=\"auto, (max-width: 506px) 100vw, 506px\" \/><\/figure>\n<\/div>\n\n\n<h2 class=\"wp-block-heading\">Liga de Pe\u00f1as de A Coru\u00f1a organizada por la Asociaci\u00f3n.<\/h2>\n\n\n\n<pre class=\"wp-block-code has-small-font-size\"><code><strong><mark style=\"background-color:rgba(0, 0, 0, 0)\" class=\"has-inline-color has-vivid-cyan-blue-color\">Asociaci\u00f3n Deportivo-cultural Liga de Pe\u00f1as. <\/mark><\/strong>\nA finalidade principal \u00e9 o fomento do deporte para persoas que pola s\u00faa idade, caracter\u00edsticas ou ocupaci\u00f3ns non poden acceder ao deporte federado, veteranos etc..\nA nosa actividade principal consiste en organizar unha liga de futbol 11 e un torneo de Copa.\nLevamos organizando este torneo ininterrompidamente dende o ano 1984, onde se comezou con 8 equipos. Na tempada 2023\/24 comezamos con 32 equipos distribu\u00eddos en d\u00faas categor\u00edas de 16. En total son uns 500 partidos entre a liga e o torneo de copa. Os encontros disp\u00fatanse durante as fins de semana de setembro a Julio.\nChegamos directamente a m\u00e1is de 1.700 persoas entre xogadores, delegados, adestradores, \u00e1rbitros e resto de directivos dos distintos equipos.\n\n\n<\/code><\/pre>\n\n\n<div class=\"wp-block-image\">\n<figure class=\"aligncenter size-large is-resized\"><img loading=\"lazy\" decoding=\"async\" width=\"1024\" height=\"457\" src=\"https:\/\/asociacioncoruna.com\/ligas\/wp-content\/uploads\/2025\/06\/DepCor_horiz-1024x457.png\" alt=\"\" class=\"wp-image-1227\" style=\"width:378px;height:auto\" srcset=\"https:\/\/asociacioncoruna.com\/ligas\/wp-content\/uploads\/2025\/06\/DepCor_horiz-1024x457.png 1024w, https:\/\/asociacioncoruna.com\/ligas\/wp-content\/uploads\/2025\/06\/DepCor_horiz-300x134.png 300w, https:\/\/asociacioncoruna.com\/ligas\/wp-content\/uploads\/2025\/06\/DepCor_horiz-768x343.png 768w, https:\/\/asociacioncoruna.com\/ligas\/wp-content\/uploads\/2025\/06\/DepCor_horiz.png 1088w\" sizes=\"auto, (max-width: 1024px) 100vw, 1024px\" \/><\/figure>\n<\/div>","protected":false},"excerpt":{"rendered":"<p>Liga de Pe\u00f1as de A Coru\u00f1a organizada por la Asociaci\u00f3n.<\/p>\n","protected":false},"author":1,"featured_media":0,"parent":0,"menu_order":0,"comment_status":"closed","ping_status":"closed","template":"","meta":{"footnotes":""},"class_list":["post-758","page","type-page","status-publish","hentry"],"_links":{"self":[{"href":"https:\/\/asociacioncoruna.com\/ligas\/wp-json\/wp\/v2\/pages\/758","targetHints":{"allow":["GET"]}}],"collection":[{"href":"https:\/\/asociacioncoruna.com\/ligas\/wp-json\/wp\/v2\/pages"}],"about":[{"href":"https:\/\/asociacioncoruna.com\/ligas\/wp-json\/wp\/v2\/types\/page"}],"author":[{"embeddable":true,"href":"https:\/\/asociacioncoruna.com\/ligas\/wp-json\/wp\/v2\/users\/1"}],"replies":[{"embeddable":true,"href":"https:\/\/asociacioncoruna.com\/ligas\/wp-json\/wp\/v2\/comments?post=758"}],"version-history":[{"count":4,"href":"https:\/\/asociacioncoruna.com\/ligas\/wp-json\/wp\/v2\/pages\/758\/revisions"}],"predecessor-version":[{"id":1233,"href":"https:\/\/asociacioncoruna.com\/ligas\/wp-json\/wp\/v2\/pages\/758\/revisions\/1233"}],"wp:attachment":[{"href":"https:\/\/asociacioncoruna.com\/ligas\/wp-json\/wp\/v2\/media?parent=758"}],"curies":[{"name":"wp","href":"https:\/\/api.w.org\/{rel}","templated":true}]}}